{"id":44812,"date":"2025-12-30T08:11:36","date_gmt":"2025-12-30T07:11:36","guid":{"rendered":"https:\/\/next-tech.com\/webinar-event\/"},"modified":"2026-01-09T12:53:14","modified_gmt":"2026-01-09T11:53:14","slug":"webinar-event","status":"publish","type":"page","link":"https:\/\/next-tech.com\/no\/webinar-event\/","title":{"rendered":"Webinars och event"},"content":{"rendered":"\n<style type=\"text\/css\" data-created_by=\"avia_inline_auto\" id=\"style-css-av-av_section-ca9a492e5a2b4810f7075b4ad813484d\">\n.avia-section.av-av_section-ca9a492e5a2b4810f7075b4ad813484d{\nbackground-repeat:no-repeat;\nbackground-image:url(https:\/\/next-tech.com\/wp-content\/uploads\/2024\/03\/Group-2746-2.jpg);\nbackground-position:50% 0%;\nbackground-attachment:scroll;\n}\n.avia-section.av-av_section-ca9a492e5a2b4810f7075b4ad813484d .av-section-color-overlay{\nopacity:0.6;\nbackground-color:#085646;\n}\n<\/style>\n<div id='av_section_1'  class='avia-section av-av_section-ca9a492e5a2b4810f7075b4ad813484d main_color avia-section-default avia-no-border-styling  avia-builder-el-0  el_before_av_layout_row  avia-builder-el-first  avia-full-stretch avia-bg-style-scroll av-section-color-overlay-active av-minimum-height av-minimum-height-100 av-height-100  container_wrap fullsize'  data-section-bg-repeat='stretch' data-av_minimum_height_pc='100' data-av_min_height_opt='100'><div class=\"av-section-color-overlay-wrap\"><div class=\"av-section-color-overlay\"><\/div><a href='#next-section' title='' class='scroll-down-link  avia-svg-icon avia-font-svg_entypo-fontello' data-av_svg_icon='down-open-mini' data-av_iconset='svg_entypo-fontello'><svg version=\"1.1\" xmlns=\"http:\/\/www.w3.org\/2000\/svg\" width=\"15\" height=\"32\" viewBox=\"0 0 15 32\" preserveAspectRatio=\"xMidYMid meet\" aria-labelledby='av-svg-title-1' aria-describedby='av-svg-desc-1' role=\"graphics-symbol\" aria-hidden=\"true\">\n<title id='av-svg-title-1'>Scroll to next section<\/title>\n<desc id='av-svg-desc-1'>Scroll to next section<\/desc>\n<path d=\"M12.96 12.16q0.704-0.832 1.536 0 0.832 0.704 0 1.536l-6.272 6.144q-0.704 0.704-1.536 0l-6.272-6.144q-0.832-0.832 0-1.536 0.768-0.768 1.6 0l5.44 4.992z\"><\/path>\n<\/svg><\/a><div class='container av-section-cont-open' ><main  role=\"main\" itemprop=\"mainContentOfPage\"  class='template-page content  av-content-full alpha units'><div class='post-entry post-entry-type-page post-entry-44812'><div class='entry-content-wrapper clearfix'>\n<div  class='flex_column av-av_one_full-b82a75397538cc4ff4f872c8191f05de av_one_full  avia-builder-el-1  avia-builder-el-no-sibling  first flex_column_div  '     ><style type=\"text\/css\" data-created_by=\"avia_inline_auto\" id=\"style-css-av-mjs8yjyf-c88d20ea2f0f47c208a3febdb39ad829\">\n#top .av-special-heading.av-mjs8yjyf-c88d20ea2f0f47c208a3febdb39ad829{\npadding-bottom:10px;\ncolor:#ffffff;\n}\nbody .av-special-heading.av-mjs8yjyf-c88d20ea2f0f47c208a3febdb39ad829 .av-special-heading-tag .heading-char{\nfont-size:25px;\n}\n.av-special-heading.av-mjs8yjyf-c88d20ea2f0f47c208a3febdb39ad829 .special-heading-inner-border{\nborder-color:#ffffff;\n}\n.av-special-heading.av-mjs8yjyf-c88d20ea2f0f47c208a3febdb39ad829 .av-subheading{\nfont-size:15px;\n}\n<\/style>\n<div  class='av-special-heading av-mjs8yjyf-c88d20ea2f0f47c208a3febdb39ad829 av-special-heading-h1 custom-color-heading blockquote modern-quote modern-centered  avia-builder-el-2  avia-builder-el-no-sibling '><h1 class='av-special-heading-tag '  itemprop=\"headline\"  >Webinars och event<\/h1><div class=\"special-heading-border\"><div class=\"special-heading-inner-border\"><\/div><\/div><\/div><\/div><\/div><\/div><\/main><!-- close content main element --><\/div><\/div><\/div><div id='blog-section'  class='av-layout-grid-container av-av_layout_row-c5ac6da35757a3cdd1f905dec34546d3 entry-content-wrapper main_color av-flex-cells  avia-builder-el-3  el_after_av_section  avia-builder-el-last  grid-row-not-first  container_wrap fullsize'  >\n\n<style type=\"text\/css\" data-created_by=\"avia_inline_auto\" id=\"style-css-av-av_cell_one_full-9385c4b002756646fd7760d018d4c225\">\n.flex_cell.av-av_cell_one_full-9385c4b002756646fd7760d018d4c225{\nvertical-align:top;\n}\n.responsive #top #wrap_all .flex_cell.av-av_cell_one_full-9385c4b002756646fd7760d018d4c225{\npadding:0px 0px 0px 0px !important;\n}\n<\/style>\n<div class='flex_cell av-av_cell_one_full-9385c4b002756646fd7760d018d4c225 av-gridrow-cell av_one_full no_margin  avia-builder-el-4  avia-builder-el-no-sibling  content-align-top av-zero-padding'  ><div class='flex_cell_inner'>\n<\/div><\/div><\/div><\/p>\n","protected":false},"excerpt":{"rendered":"","protected":false},"author":23,"featured_media":0,"parent":0,"menu_order":0,"comment_status":"closed","ping_status":"closed","template":"","meta":{"_acf_changed":false,"footnotes":""},"class_list":["post-44812","page","type-page","status-publish","hentry"],"acf":[],"yoast_head":"<!-- This site is optimized with the Yoast SEO Premium plugin v27.3 (Yoast SEO v27.3) - https:\/\/yoast.com\/product\/yoast-seo-premium-wordpress\/ -->\n<title>Webinars &amp; Event \u2013 Digitala evenemang och lives\u00e4nda seminarier<\/title>\n<meta name=\"description\" content=\"Delta i webinars, digitala events och lives\u00e4nda seminarier fr\u00e5n Next. L\u00e4r dig mer om framtidens byggteknik och projektl\u00f6sningar.\" \/>\n<meta name=\"robots\" content=\"index, follow, max-snippet:-1, max-image-preview:large, max-video-preview:-1\" \/>\n<link rel=\"canonical\" href=\"https:\/\/next-tech.com\/no\/webinar-event\/\" \/>\n<meta property=\"og:locale\" content=\"nb_NO\" \/>\n<meta property=\"og:type\" content=\"article\" \/>\n<meta property=\"og:title\" content=\"Webinars och event\" \/>\n<meta property=\"og:description\" content=\"Delta i webinars, digitala events och lives\u00e4nda seminarier fr\u00e5n Next. L\u00e4r dig mer om framtidens byggteknik och projektl\u00f6sningar.\" \/>\n<meta property=\"og:url\" content=\"https:\/\/next-tech.com\/no\/webinar-event\/\" \/>\n<meta property=\"og:site_name\" content=\"NEXT\" \/>\n<meta property=\"article:publisher\" content=\"https:\/\/www.facebook.com\/Nextonetechnology\" \/>\n<meta property=\"article:modified_time\" content=\"2026-01-09T11:53:14+00:00\" \/>\n<meta name=\"twitter:card\" content=\"summary_large_image\" \/>\n<meta name=\"twitter:label1\" content=\"Ansl. lesetid\" \/>\n\t<meta name=\"twitter:data1\" content=\"1 minutt\" \/>\n<script type=\"application\/ld+json\" class=\"yoast-schema-graph\">{\"@context\":\"https:\\\/\\\/schema.org\",\"@graph\":[{\"@type\":\"WebPage\",\"@id\":\"https:\\\/\\\/next-tech.com\\\/no\\\/webinar-event\\\/\",\"url\":\"https:\\\/\\\/next-tech.com\\\/no\\\/webinar-event\\\/\",\"name\":\"Webinars & Event \u2013 Digitala evenemang och lives\u00e4nda seminarier\",\"isPartOf\":{\"@id\":\"https:\\\/\\\/next-tech.com\\\/no\\\/#website\"},\"datePublished\":\"2025-12-30T07:11:36+00:00\",\"dateModified\":\"2026-01-09T11:53:14+00:00\",\"description\":\"Delta i webinars, digitala events och lives\u00e4nda seminarier fr\u00e5n Next. L\u00e4r dig mer om framtidens byggteknik och projektl\u00f6sningar.\",\"breadcrumb\":{\"@id\":\"https:\\\/\\\/next-tech.com\\\/no\\\/webinar-event\\\/#breadcrumb\"},\"inLanguage\":\"nb-NO\",\"potentialAction\":[{\"@type\":\"ReadAction\",\"target\":[\"https:\\\/\\\/next-tech.com\\\/no\\\/webinar-event\\\/\"]}]},{\"@type\":\"BreadcrumbList\",\"@id\":\"https:\\\/\\\/next-tech.com\\\/no\\\/webinar-event\\\/#breadcrumb\",\"itemListElement\":[{\"@type\":\"ListItem\",\"position\":1,\"name\":\"Home\",\"item\":\"https:\\\/\\\/next-tech.com\\\/no\\\/next-byggeprosjektledelse-sanntidskontroll\\\/\"},{\"@type\":\"ListItem\",\"position\":2,\"name\":\"Webinars och event\"}]},{\"@type\":\"WebSite\",\"@id\":\"https:\\\/\\\/next-tech.com\\\/no\\\/#website\",\"url\":\"https:\\\/\\\/next-tech.com\\\/no\\\/\",\"name\":\"Next | Powered by Aceve\",\"description\":\"Tidrapport, Arbetsorder och Projekt i Bygg och Entreprenadbranschen. - Next One Technology AB\",\"publisher\":{\"@id\":\"https:\\\/\\\/next-tech.com\\\/no\\\/#organization\"},\"potentialAction\":[{\"@type\":\"SearchAction\",\"target\":{\"@type\":\"EntryPoint\",\"urlTemplate\":\"https:\\\/\\\/next-tech.com\\\/no\\\/?s={search_term_string}\"},\"query-input\":{\"@type\":\"PropertyValueSpecification\",\"valueRequired\":true,\"valueName\":\"search_term_string\"}}],\"inLanguage\":\"nb-NO\"},{\"@type\":\"Organization\",\"@id\":\"https:\\\/\\\/next-tech.com\\\/no\\\/#organization\",\"name\":\"Next | Powered by Aceve\",\"url\":\"https:\\\/\\\/next-tech.com\\\/no\\\/\",\"logo\":{\"@type\":\"ImageObject\",\"inLanguage\":\"nb-NO\",\"@id\":\"https:\\\/\\\/next-tech.com\\\/no\\\/#\\\/schema\\\/logo\\\/image\\\/\",\"url\":\"https:\\\/\\\/next-tech.com\\\/wp-content\\\/uploads\\\/2025\\\/03\\\/250109_Logos_Next-2.png\",\"contentUrl\":\"https:\\\/\\\/next-tech.com\\\/wp-content\\\/uploads\\\/2025\\\/03\\\/250109_Logos_Next-2.png\",\"width\":3140,\"height\":1222,\"caption\":\"Next | Powered by Aceve\"},\"image\":{\"@id\":\"https:\\\/\\\/next-tech.com\\\/no\\\/#\\\/schema\\\/logo\\\/image\\\/\"},\"sameAs\":[\"https:\\\/\\\/www.facebook.com\\\/Nextonetechnology\",\"https:\\\/\\\/www.linkedin.com\\\/company\\\/nextonetechnology\\\/\"]}]}<\/script>\n<!-- \/ Yoast SEO Premium plugin. -->","yoast_head_json":{"title":"Webinars & Event \u2013 Digitala evenemang och lives\u00e4nda seminarier","description":"Delta i webinars, digitala events och lives\u00e4nda seminarier fr\u00e5n Next. L\u00e4r dig mer om framtidens byggteknik och projektl\u00f6sningar.","robots":{"index":"index","follow":"follow","max-snippet":"max-snippet:-1","max-image-preview":"max-image-preview:large","max-video-preview":"max-video-preview:-1"},"canonical":"https:\/\/next-tech.com\/no\/webinar-event\/","og_locale":"nb_NO","og_type":"article","og_title":"Webinars och event","og_description":"Delta i webinars, digitala events och lives\u00e4nda seminarier fr\u00e5n Next. L\u00e4r dig mer om framtidens byggteknik och projektl\u00f6sningar.","og_url":"https:\/\/next-tech.com\/no\/webinar-event\/","og_site_name":"NEXT","article_publisher":"https:\/\/www.facebook.com\/Nextonetechnology","article_modified_time":"2026-01-09T11:53:14+00:00","twitter_card":"summary_large_image","twitter_misc":{"Ansl. lesetid":"1 minutt"},"schema":{"@context":"https:\/\/schema.org","@graph":[{"@type":"WebPage","@id":"https:\/\/next-tech.com\/no\/webinar-event\/","url":"https:\/\/next-tech.com\/no\/webinar-event\/","name":"Webinars & Event \u2013 Digitala evenemang och lives\u00e4nda seminarier","isPartOf":{"@id":"https:\/\/next-tech.com\/no\/#website"},"datePublished":"2025-12-30T07:11:36+00:00","dateModified":"2026-01-09T11:53:14+00:00","description":"Delta i webinars, digitala events och lives\u00e4nda seminarier fr\u00e5n Next. L\u00e4r dig mer om framtidens byggteknik och projektl\u00f6sningar.","breadcrumb":{"@id":"https:\/\/next-tech.com\/no\/webinar-event\/#breadcrumb"},"inLanguage":"nb-NO","potentialAction":[{"@type":"ReadAction","target":["https:\/\/next-tech.com\/no\/webinar-event\/"]}]},{"@type":"BreadcrumbList","@id":"https:\/\/next-tech.com\/no\/webinar-event\/#breadcrumb","itemListElement":[{"@type":"ListItem","position":1,"name":"Home","item":"https:\/\/next-tech.com\/no\/next-byggeprosjektledelse-sanntidskontroll\/"},{"@type":"ListItem","position":2,"name":"Webinars och event"}]},{"@type":"WebSite","@id":"https:\/\/next-tech.com\/no\/#website","url":"https:\/\/next-tech.com\/no\/","name":"Next | Powered by Aceve","description":"Tidrapport, Arbetsorder och Projekt i Bygg och Entreprenadbranschen. - Next One Technology AB","publisher":{"@id":"https:\/\/next-tech.com\/no\/#organization"},"potentialAction":[{"@type":"SearchAction","target":{"@type":"EntryPoint","urlTemplate":"https:\/\/next-tech.com\/no\/?s={search_term_string}"},"query-input":{"@type":"PropertyValueSpecification","valueRequired":true,"valueName":"search_term_string"}}],"inLanguage":"nb-NO"},{"@type":"Organization","@id":"https:\/\/next-tech.com\/no\/#organization","name":"Next | Powered by Aceve","url":"https:\/\/next-tech.com\/no\/","logo":{"@type":"ImageObject","inLanguage":"nb-NO","@id":"https:\/\/next-tech.com\/no\/#\/schema\/logo\/image\/","url":"https:\/\/next-tech.com\/wp-content\/uploads\/2025\/03\/250109_Logos_Next-2.png","contentUrl":"https:\/\/next-tech.com\/wp-content\/uploads\/2025\/03\/250109_Logos_Next-2.png","width":3140,"height":1222,"caption":"Next | Powered by Aceve"},"image":{"@id":"https:\/\/next-tech.com\/no\/#\/schema\/logo\/image\/"},"sameAs":["https:\/\/www.facebook.com\/Nextonetechnology","https:\/\/www.linkedin.com\/company\/nextonetechnology\/"]}]}},"_links":{"self":[{"href":"https:\/\/next-tech.com\/no\/wp-json\/wp\/v2\/pages\/44812","targetHints":{"allow":["GET"]}}],"collection":[{"href":"https:\/\/next-tech.com\/no\/wp-json\/wp\/v2\/pages"}],"about":[{"href":"https:\/\/next-tech.com\/no\/wp-json\/wp\/v2\/types\/page"}],"author":[{"embeddable":true,"href":"https:\/\/next-tech.com\/no\/wp-json\/wp\/v2\/users\/23"}],"replies":[{"embeddable":true,"href":"https:\/\/next-tech.com\/no\/wp-json\/wp\/v2\/comments?post=44812"}],"version-history":[{"count":2,"href":"https:\/\/next-tech.com\/no\/wp-json\/wp\/v2\/pages\/44812\/revisions"}],"predecessor-version":[{"id":45029,"href":"https:\/\/next-tech.com\/no\/wp-json\/wp\/v2\/pages\/44812\/revisions\/45029"}],"wp:attachment":[{"href":"https:\/\/next-tech.com\/no\/wp-json\/wp\/v2\/media?parent=44812"}],"curies":[{"name":"wp","href":"https:\/\/api.w.org\/{rel}","templated":true}]}}