{"id":36949,"date":"2025-02-10T07:52:40","date_gmt":"2025-02-10T06:52:40","guid":{"rendered":"https:\/\/next-tech.com\/?page_id=36949"},"modified":"2025-04-28T11:59:05","modified_gmt":"2025-04-28T09:59:05","slug":"takk-skal-partner-signup","status":"publish","type":"page","link":"https:\/\/next-tech.com\/no\/takk-skal-partner-signup\/","title":{"rendered":"Takk skal (Partner Signup)"},"content":{"rendered":"\n<style type=\"text\/css\" data-created_by=\"avia_inline_auto\" id=\"style-css-av-t851no-84597b1fab8a96ed40b6ad9a0761ad23\">\n.avia-section.av-t851no-84597b1fab8a96ed40b6ad9a0761ad23{\nbackground-repeat:no-repeat;\nbackground-image:url(https:\/\/next-tech.com\/wp-content\/uploads\/2024\/03\/Contact_image.png);\nbackground-position:50% 0%;\nbackground-attachment:scroll;\n}\n.avia-section.av-t851no-84597b1fab8a96ed40b6ad9a0761ad23 .av-section-color-overlay{\nopacity:0.6;\nbackground-color:#085646;\n}\n<\/style>\n<div id='av_section_1'  class='avia-section av-t851no-84597b1fab8a96ed40b6ad9a0761ad23 main_color avia-section-default avia-no-border-styling  avia-builder-el-0  el_before_av_section  avia-builder-el-first  hero-section avia-full-stretch avia-bg-style-scroll av-section-color-overlay-active av-minimum-height av-minimum-height-75 av-height-75  container_wrap fullsize'  data-section-bg-repeat='stretch' data-av_minimum_height_pc='75' data-av_min_height_opt='75'><div class=\"av-section-color-overlay-wrap\"><div class=\"av-section-color-overlay\"><\/div><a href='#next-section' title='' class='scroll-down-link  avia-svg-icon avia-font-svg_entypo-fontello' data-av_svg_icon='down-open-mini' data-av_iconset='svg_entypo-fontello'><svg version=\"1.1\" xmlns=\"http:\/\/www.w3.org\/2000\/svg\" width=\"15\" height=\"32\" viewBox=\"0 0 15 32\" preserveAspectRatio=\"xMidYMid meet\" aria-labelledby='av-svg-title-1' aria-describedby='av-svg-desc-1' role=\"graphics-symbol\" aria-hidden=\"true\">\n<title id='av-svg-title-1'>Scroll to next section<\/title>\n<desc id='av-svg-desc-1'>Scroll to next section<\/desc>\n<path d=\"M12.96 12.16q0.704-0.832 1.536 0 0.832 0.704 0 1.536l-6.272 6.144q-0.704 0.704-1.536 0l-6.272-6.144q-0.832-0.832 0-1.536 0.768-0.768 1.6 0l5.44 4.992z\"><\/path>\n<\/svg><\/a><div class='container av-section-cont-open' ><main  role=\"main\" itemprop=\"mainContentOfPage\"  class='template-page content  av-content-full alpha units'><div class='post-entry post-entry-type-page post-entry-36949'><div class='entry-content-wrapper clearfix'>\n<div  class='flex_column av-rspepg-d1a05f2a3e0d2fcf965841d66292c59a av_three_fifth  avia-builder-el-1  avia-builder-el-no-sibling  first flex_column_div av-animated-generic left-to-right  '     ><style type=\"text\/css\" data-created_by=\"avia_inline_auto\" id=\"style-css-av-qc8wlg-1c3f4220a2622b5d932bb10a1c64f980\">\n#top .av-special-heading.av-qc8wlg-1c3f4220a2622b5d932bb10a1c64f980{\npadding-bottom:10px;\n}\nbody .av-special-heading.av-qc8wlg-1c3f4220a2622b5d932bb10a1c64f980 .av-special-heading-tag .heading-char{\nfont-size:25px;\n}\n.av-special-heading.av-qc8wlg-1c3f4220a2622b5d932bb10a1c64f980 .av-subheading{\nfont-size:15px;\n}\n<\/style>\n<div  class='av-special-heading av-qc8wlg-1c3f4220a2622b5d932bb10a1c64f980 av-special-heading-h1 blockquote modern-quote  avia-builder-el-2  avia-builder-el-no-sibling '><h1 class='av-special-heading-tag '  itemprop=\"headline\"  >Takk skal du ha<\/h1><div class='av-subheading av-subheading_below'><p>Vi setter pris p\u00e5 meldingen din og svarer deg snart!<\/p>\n<\/div><div class=\"special-heading-border\"><div class=\"special-heading-inner-border\"><\/div><\/div><\/div><\/div>\n\n<\/div><\/div><\/main><!-- close content main element --><\/div><\/div><\/div>\n<style type=\"text\/css\" data-created_by=\"avia_inline_auto\" id=\"style-css-av-ec07es-50f81e7f91a6cf6015ce1c5e625c6a9d\">\n.avia-section.av-ec07es-50f81e7f91a6cf6015ce1c5e625c6a9d{\nbackground-color:#092c3f;\nbackground-image:unset;\n}\n<\/style>\n<div id='av_section_2'  class='avia-section av-ec07es-50f81e7f91a6cf6015ce1c5e625c6a9d main_color avia-section-huge avia-no-border-styling  avia-builder-el-3  el_after_av_section  avia-builder-el-last  avia-bg-style-scroll container_wrap fullsize'  ><div class='container av-section-cont-open' ><div class='template-page content  av-content-full alpha units'><div class='post-entry post-entry-type-page post-entry-36949'><div class='entry-content-wrapper clearfix'>\n<div  class='flex_column av-c1clhw-c8d4766ef4ade3206d16d7424a4db772 av_one_half  avia-builder-el-4  el_before_av_one_half  avia-builder-el-first  first flex_column_div av-animated-generic left-to-right  '     ><style type=\"text\/css\" data-created_by=\"avia_inline_auto\" id=\"style-css-av-arvib8-30b845dd8dbb6cdb48c68bf187cafb06\">\n#top .av-special-heading.av-arvib8-30b845dd8dbb6cdb48c68bf187cafb06{\npadding-bottom:10px;\n}\nbody .av-special-heading.av-arvib8-30b845dd8dbb6cdb48c68bf187cafb06 .av-special-heading-tag .heading-char{\nfont-size:25px;\n}\n.av-special-heading.av-arvib8-30b845dd8dbb6cdb48c68bf187cafb06 .av-subheading{\nfont-size:15px;\n}\n<\/style>\n<div  class='av-special-heading av-arvib8-30b845dd8dbb6cdb48c68bf187cafb06 av-special-heading-h2 blockquote modern-quote modern-right  avia-builder-el-5  avia-builder-el-no-sibling  white'><h2 class='av-special-heading-tag '  itemprop=\"headline\"  > Ditt sentrale sted for bransjekunnskap<\/h2><div class=\"special-heading-border\"><div class=\"special-heading-inner-border\"><\/div><\/div><\/div><\/div><div  class='flex_column av-8nwt8k-e7cf1950f8c7b9f0bfb6f6513f211d47 av_one_half  avia-builder-el-6  el_after_av_one_half  el_before_av_one_full  flex_column_div av-animated-generic right-to-left  '     ><p><section  class='av_textblock_section av-7a31mc-bce071efcf41ef9d306c05aa344eb3c2 '   itemscope=\"itemscope\" itemtype=\"https:\/\/schema.org\/CreativeWork\" ><div class='avia_textblock white mobilebr'  itemprop=\"text\" ><p>Hold deg informert og inspirert med Nexts innsikt \u2013 utforsk bloggen v\u00e5r og nyheter for \u00e5 ligge i forkant av bransjetrender og innovasjoner. F\u00e5 innsikt i en verden av kunnskap og ideer og se hvordan Next former fremtiden til byggebransjen!<\/p>\n<\/div><\/section><br \/>\n<div  class='avia-button-wrap av-6jpyyc-627dfed853bac0bd5676333586b61230-wrap avia-button-left  avia-builder-el-8  el_after_av_textblock  avia-builder-el-last '><a href='https:\/\/next-tech.com\/nyheter-artiklar\/'  class='avia-button av-6jpyyc-627dfed853bac0bd5676333586b61230 av-link-btn avia-icon_select-no avia-size-medium avia-position-left avia-color-theme-color'   aria-label=\"Les siste nytt\"><span class='avia_iconbox_title' >Les siste nytt<\/span><\/a><\/div><\/p><\/div><div  class='flex_column av-3zpuuc-a415b7f5e7713f57b62f03a5875a5d66 av_one_full  avia-builder-el-9  el_after_av_one_half  avia-builder-el-last  first flex_column_div  column-top-margin'     ><\/div>\n","protected":false},"excerpt":{"rendered":"","protected":false},"author":15,"featured_media":0,"parent":0,"menu_order":0,"comment_status":"closed","ping_status":"closed","template":"","meta":{"_acf_changed":false,"footnotes":""},"class_list":["post-36949","page","type-page","status-publish","hentry"],"acf":[],"yoast_head":"<!-- This site is optimized with the Yoast SEO Premium plugin v27.3 (Yoast SEO v27.3) - https:\/\/yoast.com\/product\/yoast-seo-premium-wordpress\/ -->\n<title>Takk fra Next-Tech<\/title>\n<meta name=\"description\" content=\"Takk for din interesse i Next-Tech. Vi vil kontakte deg snart med mer informasjon.\" \/>\n<meta name=\"robots\" content=\"noindex, nofollow\" \/>\n<meta property=\"og:locale\" content=\"nb_NO\" \/>\n<meta property=\"og:type\" content=\"article\" \/>\n<meta property=\"og:title\" content=\"Takk skal (Partner Signup)\" \/>\n<meta property=\"og:description\" content=\"Takk for din interesse i Next-Tech. Vi vil kontakte deg snart med mer informasjon.\" \/>\n<meta property=\"og:url\" content=\"https:\/\/next-tech.com\/no\/takk-skal-partner-signup\/\" \/>\n<meta property=\"og:site_name\" content=\"NEXT\" \/>\n<meta property=\"article:publisher\" content=\"https:\/\/www.facebook.com\/Nextonetechnology\" \/>\n<meta property=\"article:modified_time\" content=\"2025-04-28T09:59:05+00:00\" \/>\n<meta name=\"twitter:card\" content=\"summary_large_image\" \/>\n<meta name=\"twitter:label1\" content=\"Ansl. lesetid\" \/>\n\t<meta name=\"twitter:data1\" content=\"1 minutt\" \/>\n<script type=\"application\/ld+json\" class=\"yoast-schema-graph\">{\"@context\":\"https:\\\/\\\/schema.org\",\"@graph\":[{\"@type\":\"WebPage\",\"@id\":\"https:\\\/\\\/next-tech.com\\\/no\\\/takk-skal-partner-signup\\\/\",\"url\":\"https:\\\/\\\/next-tech.com\\\/no\\\/takk-skal-partner-signup\\\/\",\"name\":\"Takk fra Next-Tech\",\"isPartOf\":{\"@id\":\"https:\\\/\\\/next-tech.com\\\/no\\\/#website\"},\"datePublished\":\"2025-02-10T06:52:40+00:00\",\"dateModified\":\"2025-04-28T09:59:05+00:00\",\"description\":\"Takk for din interesse i Next-Tech. Vi vil kontakte deg snart med mer informasjon.\",\"breadcrumb\":{\"@id\":\"https:\\\/\\\/next-tech.com\\\/no\\\/takk-skal-partner-signup\\\/#breadcrumb\"},\"inLanguage\":\"nb-NO\",\"potentialAction\":[{\"@type\":\"ReadAction\",\"target\":[\"https:\\\/\\\/next-tech.com\\\/no\\\/takk-skal-partner-signup\\\/\"]}]},{\"@type\":\"BreadcrumbList\",\"@id\":\"https:\\\/\\\/next-tech.com\\\/no\\\/takk-skal-partner-signup\\\/#breadcrumb\",\"itemListElement\":[{\"@type\":\"ListItem\",\"position\":1,\"name\":\"Home\",\"item\":\"https:\\\/\\\/next-tech.com\\\/no\\\/next-byggeprosjektledelse-sanntidskontroll\\\/\"},{\"@type\":\"ListItem\",\"position\":2,\"name\":\"Takk skal (Partner Signup)\"}]},{\"@type\":\"WebSite\",\"@id\":\"https:\\\/\\\/next-tech.com\\\/no\\\/#website\",\"url\":\"https:\\\/\\\/next-tech.com\\\/no\\\/\",\"name\":\"Next | Powered by Aceve\",\"description\":\"Tidrapport, Arbetsorder och Projekt i Bygg och Entreprenadbranschen. - Next One Technology AB\",\"publisher\":{\"@id\":\"https:\\\/\\\/next-tech.com\\\/no\\\/#organization\"},\"potentialAction\":[{\"@type\":\"SearchAction\",\"target\":{\"@type\":\"EntryPoint\",\"urlTemplate\":\"https:\\\/\\\/next-tech.com\\\/no\\\/?s={search_term_string}\"},\"query-input\":{\"@type\":\"PropertyValueSpecification\",\"valueRequired\":true,\"valueName\":\"search_term_string\"}}],\"inLanguage\":\"nb-NO\"},{\"@type\":\"Organization\",\"@id\":\"https:\\\/\\\/next-tech.com\\\/no\\\/#organization\",\"name\":\"Next | Powered by Aceve\",\"url\":\"https:\\\/\\\/next-tech.com\\\/no\\\/\",\"logo\":{\"@type\":\"ImageObject\",\"inLanguage\":\"nb-NO\",\"@id\":\"https:\\\/\\\/next-tech.com\\\/no\\\/#\\\/schema\\\/logo\\\/image\\\/\",\"url\":\"https:\\\/\\\/next-tech.com\\\/wp-content\\\/uploads\\\/2025\\\/03\\\/250109_Logos_Next-2.png\",\"contentUrl\":\"https:\\\/\\\/next-tech.com\\\/wp-content\\\/uploads\\\/2025\\\/03\\\/250109_Logos_Next-2.png\",\"width\":3140,\"height\":1222,\"caption\":\"Next | Powered by Aceve\"},\"image\":{\"@id\":\"https:\\\/\\\/next-tech.com\\\/no\\\/#\\\/schema\\\/logo\\\/image\\\/\"},\"sameAs\":[\"https:\\\/\\\/www.facebook.com\\\/Nextonetechnology\",\"https:\\\/\\\/www.linkedin.com\\\/company\\\/nextonetechnology\\\/\"]}]}<\/script>\n<!-- \/ Yoast SEO Premium plugin. -->","yoast_head_json":{"title":"Takk fra Next-Tech","description":"Takk for din interesse i Next-Tech. Vi vil kontakte deg snart med mer informasjon.","robots":{"index":"noindex","follow":"nofollow"},"og_locale":"nb_NO","og_type":"article","og_title":"Takk skal (Partner Signup)","og_description":"Takk for din interesse i Next-Tech. Vi vil kontakte deg snart med mer informasjon.","og_url":"https:\/\/next-tech.com\/no\/takk-skal-partner-signup\/","og_site_name":"NEXT","article_publisher":"https:\/\/www.facebook.com\/Nextonetechnology","article_modified_time":"2025-04-28T09:59:05+00:00","twitter_card":"summary_large_image","twitter_misc":{"Ansl. lesetid":"1 minutt"},"schema":{"@context":"https:\/\/schema.org","@graph":[{"@type":"WebPage","@id":"https:\/\/next-tech.com\/no\/takk-skal-partner-signup\/","url":"https:\/\/next-tech.com\/no\/takk-skal-partner-signup\/","name":"Takk fra Next-Tech","isPartOf":{"@id":"https:\/\/next-tech.com\/no\/#website"},"datePublished":"2025-02-10T06:52:40+00:00","dateModified":"2025-04-28T09:59:05+00:00","description":"Takk for din interesse i Next-Tech. Vi vil kontakte deg snart med mer informasjon.","breadcrumb":{"@id":"https:\/\/next-tech.com\/no\/takk-skal-partner-signup\/#breadcrumb"},"inLanguage":"nb-NO","potentialAction":[{"@type":"ReadAction","target":["https:\/\/next-tech.com\/no\/takk-skal-partner-signup\/"]}]},{"@type":"BreadcrumbList","@id":"https:\/\/next-tech.com\/no\/takk-skal-partner-signup\/#breadcrumb","itemListElement":[{"@type":"ListItem","position":1,"name":"Home","item":"https:\/\/next-tech.com\/no\/next-byggeprosjektledelse-sanntidskontroll\/"},{"@type":"ListItem","position":2,"name":"Takk skal (Partner Signup)"}]},{"@type":"WebSite","@id":"https:\/\/next-tech.com\/no\/#website","url":"https:\/\/next-tech.com\/no\/","name":"Next | Powered by Aceve","description":"Tidrapport, Arbetsorder och Projekt i Bygg och Entreprenadbranschen. - Next One Technology AB","publisher":{"@id":"https:\/\/next-tech.com\/no\/#organization"},"potentialAction":[{"@type":"SearchAction","target":{"@type":"EntryPoint","urlTemplate":"https:\/\/next-tech.com\/no\/?s={search_term_string}"},"query-input":{"@type":"PropertyValueSpecification","valueRequired":true,"valueName":"search_term_string"}}],"inLanguage":"nb-NO"},{"@type":"Organization","@id":"https:\/\/next-tech.com\/no\/#organization","name":"Next | Powered by Aceve","url":"https:\/\/next-tech.com\/no\/","logo":{"@type":"ImageObject","inLanguage":"nb-NO","@id":"https:\/\/next-tech.com\/no\/#\/schema\/logo\/image\/","url":"https:\/\/next-tech.com\/wp-content\/uploads\/2025\/03\/250109_Logos_Next-2.png","contentUrl":"https:\/\/next-tech.com\/wp-content\/uploads\/2025\/03\/250109_Logos_Next-2.png","width":3140,"height":1222,"caption":"Next | Powered by Aceve"},"image":{"@id":"https:\/\/next-tech.com\/no\/#\/schema\/logo\/image\/"},"sameAs":["https:\/\/www.facebook.com\/Nextonetechnology","https:\/\/www.linkedin.com\/company\/nextonetechnology\/"]}]}},"_links":{"self":[{"href":"https:\/\/next-tech.com\/no\/wp-json\/wp\/v2\/pages\/36949","targetHints":{"allow":["GET"]}}],"collection":[{"href":"https:\/\/next-tech.com\/no\/wp-json\/wp\/v2\/pages"}],"about":[{"href":"https:\/\/next-tech.com\/no\/wp-json\/wp\/v2\/types\/page"}],"author":[{"embeddable":true,"href":"https:\/\/next-tech.com\/no\/wp-json\/wp\/v2\/users\/15"}],"replies":[{"embeddable":true,"href":"https:\/\/next-tech.com\/no\/wp-json\/wp\/v2\/comments?post=36949"}],"version-history":[{"count":2,"href":"https:\/\/next-tech.com\/no\/wp-json\/wp\/v2\/pages\/36949\/revisions"}],"predecessor-version":[{"id":40647,"href":"https:\/\/next-tech.com\/no\/wp-json\/wp\/v2\/pages\/36949\/revisions\/40647"}],"wp:attachment":[{"href":"https:\/\/next-tech.com\/no\/wp-json\/wp\/v2\/media?parent=36949"}],"curies":[{"name":"wp","href":"https:\/\/api.w.org\/{rel}","templated":true}]}}