{"id":27610,"date":"2024-05-30T12:46:13","date_gmt":"2024-05-30T10:46:13","guid":{"rendered":"https:\/\/next-tech.com\/?page_id=27610"},"modified":"2025-04-28T17:13:09","modified_gmt":"2025-04-28T15:13:09","slug":"planleggingsside-takk","status":"publish","type":"page","link":"https:\/\/next-tech.com\/no\/planleggingsside-takk\/","title":{"rendered":"Takk skal du ha (Planning Page)"},"content":{"rendered":"\n<style type=\"text\/css\" data-created_by=\"avia_inline_auto\" id=\"style-css-av-t851no-c478416d33f0f419a48e96f316ecbed4\">\n.avia-section.av-t851no-c478416d33f0f419a48e96f316ecbed4{\nbackground-repeat:no-repeat;\nbackground-image:url(https:\/\/next-tech.com\/wp-content\/uploads\/2024\/03\/Contact_image.png);\nbackground-position:50% 0%;\nbackground-attachment:scroll;\n}\n.avia-section.av-t851no-c478416d33f0f419a48e96f316ecbed4 .av-section-color-overlay{\nopacity:0.6;\nbackground-color:#085646;\n}\n<\/style>\n<div id='av_section_1'  class='avia-section av-t851no-c478416d33f0f419a48e96f316ecbed4 main_color avia-section-default avia-no-border-styling  avia-builder-el-0  el_before_av_section  avia-builder-el-first  hero-section avia-full-stretch avia-bg-style-scroll av-section-color-overlay-active av-minimum-height av-minimum-height-75 av-height-75  container_wrap fullsize'  data-section-bg-repeat='stretch' data-av_minimum_height_pc='75' data-av_min_height_opt='75'><div class=\"av-section-color-overlay-wrap\"><div class=\"av-section-color-overlay\"><\/div><a href='#next-section' title='' class='scroll-down-link  avia-svg-icon avia-font-svg_entypo-fontello' data-av_svg_icon='down-open-mini' data-av_iconset='svg_entypo-fontello'><svg version=\"1.1\" xmlns=\"http:\/\/www.w3.org\/2000\/svg\" width=\"15\" height=\"32\" viewBox=\"0 0 15 32\" preserveAspectRatio=\"xMidYMid meet\" aria-labelledby='av-svg-title-1' aria-describedby='av-svg-desc-1' role=\"graphics-symbol\" aria-hidden=\"true\">\n<title id='av-svg-title-1'>Scroll to next section<\/title>\n<desc id='av-svg-desc-1'>Scroll to next section<\/desc>\n<path d=\"M12.96 12.16q0.704-0.832 1.536 0 0.832 0.704 0 1.536l-6.272 6.144q-0.704 0.704-1.536 0l-6.272-6.144q-0.832-0.832 0-1.536 0.768-0.768 1.6 0l5.44 4.992z\"><\/path>\n<\/svg><\/a><div class='container av-section-cont-open' ><main  role=\"main\" itemprop=\"mainContentOfPage\"  class='template-page content  av-content-full alpha units'><div class='post-entry post-entry-type-page post-entry-27610'><div class='entry-content-wrapper clearfix'>\n<div  class='flex_column av-rspepg-d1a05f2a3e0d2fcf965841d66292c59a av_one_full  avia-builder-el-1  avia-builder-el-no-sibling  first flex_column_div av-animated-generic left-to-right  '     ><p>\n<style type=\"text\/css\" data-created_by=\"avia_inline_auto\" id=\"style-css-av-qc8wlg-6a64a3f8aa715b44a189ebf4538f1972\">\n#top .av-special-heading.av-qc8wlg-6a64a3f8aa715b44a189ebf4538f1972{\npadding-bottom:10px;\n}\nbody .av-special-heading.av-qc8wlg-6a64a3f8aa715b44a189ebf4538f1972 .av-special-heading-tag .heading-char{\nfont-size:25px;\n}\n.av-special-heading.av-qc8wlg-6a64a3f8aa715b44a189ebf4538f1972 .av-subheading{\nfont-size:15px;\n}\n<\/style>\n<div  class='av-special-heading av-qc8wlg-6a64a3f8aa715b44a189ebf4538f1972 av-special-heading-h1 blockquote modern-quote modern-centered  avia-builder-el-2  el_before_av_textblock  avia-builder-el-first '><h1 class='av-special-heading-tag '  itemprop=\"headline\"  >Takk for at du vil teste Planning!<\/h1><div class=\"special-heading-border\"><div class=\"special-heading-inner-border\"><\/div><\/div><\/div><br \/>\n\n<style type=\"text\/css\" data-created_by=\"avia_inline_auto\" id=\"style-css-av-1n31t3u-8a82f240780f126b8c22e24d7086bbdd\">\n#top .av_textblock_section.av-1n31t3u-8a82f240780f126b8c22e24d7086bbdd .avia_textblock{\ncolor:#ffffff;\n}\n<\/style>\n<section  class='av_textblock_section av-1n31t3u-8a82f240780f126b8c22e24d7086bbdd '   itemscope=\"itemscope\" itemtype=\"https:\/\/schema.org\/CreativeWork\" ><div class='avia_textblock av_inherit_color'  itemprop=\"text\" ><h4 style=\"text-align: center;\"><span id=\"home-hero-subtext\">For \u00e5 komme i gang \u2013 bekreft e-postadressen din via lenken vi nettopp sendte til innboksen din.<\/span><\/h4>\n<\/div><\/section><\/p><\/div><\/div><\/div><\/main><!-- close content main element --><\/div><\/div><\/div>\n<style type=\"text\/css\" data-created_by=\"avia_inline_auto\" id=\"style-css-av-3mtb21m-76245b5a2dbf84f941aa33ee552ccc58\">\n.avia-section.av-3mtb21m-76245b5a2dbf84f941aa33ee552ccc58{\nbackground-color:#092c3f;\nbackground-image:unset;\n}\n<\/style>\n<div id='av_section_2'  class='avia-section av-3mtb21m-76245b5a2dbf84f941aa33ee552ccc58 main_color avia-section-large avia-no-border-styling  avia-builder-el-4  el_after_av_section  avia-builder-el-last  avia-bg-style-scroll container_wrap fullsize'  ><div class='container av-section-cont-open' ><div class='template-page content  av-content-full alpha units'><div class='post-entry post-entry-type-page post-entry-27610'><div class='entry-content-wrapper clearfix'>\n<div  class='flex_column av-2ti8sxm-614e176d81ac00ced02bbfafe0150cd0 av_one_half  avia-builder-el-5  el_before_av_one_half  avia-builder-el-first  first flex_column_div av-animated-generic left-to-right  '     ><style type=\"text\/css\" data-created_by=\"avia_inline_auto\" id=\"style-css-av-2ltvdx6-322ad5b2e011957180f6e09a447cac58\">\n#top .av-special-heading.av-2ltvdx6-322ad5b2e011957180f6e09a447cac58{\npadding-bottom:10px;\n}\nbody .av-special-heading.av-2ltvdx6-322ad5b2e011957180f6e09a447cac58 .av-special-heading-tag .heading-char{\nfont-size:25px;\n}\n.av-special-heading.av-2ltvdx6-322ad5b2e011957180f6e09a447cac58 .av-subheading{\nfont-size:15px;\n}\n<\/style>\n<div  class='av-special-heading av-2ltvdx6-322ad5b2e011957180f6e09a447cac58 av-special-heading-h2 blockquote modern-quote modern-right  avia-builder-el-6  avia-builder-el-no-sibling  white'><h2 class='av-special-heading-tag '  itemprop=\"headline\"  >H\u00e5ll dig uppdaterad om branschen<\/h2><div class=\"special-heading-border\"><div class=\"special-heading-inner-border\"><\/div><\/div><\/div><\/div><div  class='flex_column av-2699mpm-8774bb5797971d605c3635b91f00837e av_one_half  avia-builder-el-7  el_after_av_one_half  el_before_av_one_full  flex_column_div av-animated-generic right-to-left  '     ><p><section  class='av_textblock_section av-qc390a-be82a1d40df84508dec4ffed3487c3e3 '   itemscope=\"itemscope\" itemtype=\"https:\/\/schema.org\/CreativeWork\" ><div class='avia_textblock white mobilebr'  itemprop=\"text\" ><p>H\u00e5ll dig uppdaterad och l\u00e5t dig inspireras av Nexts insikter. Utforska v\u00e5r blogg och de senaste nyheterna f\u00f6r att alltid vara ett steg f\u00f6re inom branschtrender och innovationer. Dyk in i en v\u00e4rld fylld med kunskap och id\u00e9er, och uppt\u00e4ck hur Next \u00e4r med och formar framtidens byggbransch!<\/p>\n<\/div><\/section><br \/>\n<div  class='avia-button-wrap av-lt8kwr3s-90d933de23274f8da3702b019d96287d-wrap avia-button-left  avia-builder-el-9  el_after_av_textblock  avia-builder-el-last '><a href='https:\/\/next-tech.com\/no\/nyheter-og-artikler\/'  class='avia-button av-lt8kwr3s-90d933de23274f8da3702b019d96287d av-link-btn avia-icon_select-no avia-size-medium avia-position-left avia-color-theme-color'   aria-label=\"L\u00e4s de senaste nyheterna\"><span class='avia_iconbox_title' >L\u00e4s de senaste nyheterna<\/span><\/a><\/div><\/p><\/div><div  class='flex_column av-zvz80q-efb323c3afacfd5c4c2b8da67872e6b3 av_one_full  avia-builder-el-10  el_after_av_one_half  avia-builder-el-last  first flex_column_div  column-top-margin'     ><\/div>\n<\/p>\n","protected":false},"excerpt":{"rendered":"","protected":false},"author":23,"featured_media":0,"parent":0,"menu_order":0,"comment_status":"closed","ping_status":"closed","template":"","meta":{"_acf_changed":false,"footnotes":""},"class_list":["post-27610","page","type-page","status-publish","hentry"],"acf":[],"yoast_head":"<!-- This site is optimized with the Yoast SEO Premium plugin v27.3 (Yoast SEO v27.3) - https:\/\/yoast.com\/product\/yoast-seo-premium-wordpress\/ -->\n<title>Tack fr\u00e5n Next-Tech<\/title>\n<meta name=\"description\" content=\"Tack f\u00f6r ditt intresse f\u00f6r Next-Tech. Vi kommer att h\u00f6ra av oss snart med mer information.\" \/>\n<meta name=\"robots\" content=\"noindex, nofollow\" \/>\n<meta property=\"og:locale\" content=\"nb_NO\" \/>\n<meta property=\"og:type\" content=\"article\" \/>\n<meta property=\"og:title\" content=\"Takk skal du ha (Planning Page)\" \/>\n<meta property=\"og:description\" content=\"Tack f\u00f6r ditt intresse f\u00f6r Next-Tech. Vi kommer att h\u00f6ra av oss snart med mer information.\" \/>\n<meta property=\"og:url\" content=\"https:\/\/next-tech.com\/no\/planleggingsside-takk\/\" \/>\n<meta property=\"og:site_name\" content=\"NEXT\" \/>\n<meta property=\"article:publisher\" content=\"https:\/\/www.facebook.com\/Nextonetechnology\" \/>\n<meta property=\"article:modified_time\" content=\"2025-04-28T15:13:09+00:00\" \/>\n<meta name=\"twitter:card\" content=\"summary_large_image\" \/>\n<meta name=\"twitter:label1\" content=\"Ansl. lesetid\" \/>\n\t<meta name=\"twitter:data1\" content=\"1 minutt\" \/>\n<script type=\"application\/ld+json\" class=\"yoast-schema-graph\">{\"@context\":\"https:\\\/\\\/schema.org\",\"@graph\":[{\"@type\":\"WebPage\",\"@id\":\"https:\\\/\\\/next-tech.com\\\/no\\\/planleggingsside-takk\\\/\",\"url\":\"https:\\\/\\\/next-tech.com\\\/no\\\/planleggingsside-takk\\\/\",\"name\":\"Tack fr\u00e5n Next-Tech\",\"isPartOf\":{\"@id\":\"https:\\\/\\\/next-tech.com\\\/no\\\/#website\"},\"datePublished\":\"2024-05-30T10:46:13+00:00\",\"dateModified\":\"2025-04-28T15:13:09+00:00\",\"description\":\"Tack f\u00f6r ditt intresse f\u00f6r Next-Tech. Vi kommer att h\u00f6ra av oss snart med mer information.\",\"breadcrumb\":{\"@id\":\"https:\\\/\\\/next-tech.com\\\/no\\\/planleggingsside-takk\\\/#breadcrumb\"},\"inLanguage\":\"nb-NO\",\"potentialAction\":[{\"@type\":\"ReadAction\",\"target\":[\"https:\\\/\\\/next-tech.com\\\/no\\\/planleggingsside-takk\\\/\"]}]},{\"@type\":\"BreadcrumbList\",\"@id\":\"https:\\\/\\\/next-tech.com\\\/no\\\/planleggingsside-takk\\\/#breadcrumb\",\"itemListElement\":[{\"@type\":\"ListItem\",\"position\":1,\"name\":\"Home\",\"item\":\"https:\\\/\\\/next-tech.com\\\/no\\\/next-byggeprosjektledelse-sanntidskontroll\\\/\"},{\"@type\":\"ListItem\",\"position\":2,\"name\":\"Takk skal du ha (Planning Page)\"}]},{\"@type\":\"WebSite\",\"@id\":\"https:\\\/\\\/next-tech.com\\\/no\\\/#website\",\"url\":\"https:\\\/\\\/next-tech.com\\\/no\\\/\",\"name\":\"Next | Powered by Aceve\",\"description\":\"Tidrapport, Arbetsorder och Projekt i Bygg och Entreprenadbranschen. - Next One Technology AB\",\"publisher\":{\"@id\":\"https:\\\/\\\/next-tech.com\\\/no\\\/#organization\"},\"potentialAction\":[{\"@type\":\"SearchAction\",\"target\":{\"@type\":\"EntryPoint\",\"urlTemplate\":\"https:\\\/\\\/next-tech.com\\\/no\\\/?s={search_term_string}\"},\"query-input\":{\"@type\":\"PropertyValueSpecification\",\"valueRequired\":true,\"valueName\":\"search_term_string\"}}],\"inLanguage\":\"nb-NO\"},{\"@type\":\"Organization\",\"@id\":\"https:\\\/\\\/next-tech.com\\\/no\\\/#organization\",\"name\":\"Next | Powered by Aceve\",\"url\":\"https:\\\/\\\/next-tech.com\\\/no\\\/\",\"logo\":{\"@type\":\"ImageObject\",\"inLanguage\":\"nb-NO\",\"@id\":\"https:\\\/\\\/next-tech.com\\\/no\\\/#\\\/schema\\\/logo\\\/image\\\/\",\"url\":\"https:\\\/\\\/next-tech.com\\\/wp-content\\\/uploads\\\/2025\\\/03\\\/250109_Logos_Next-2.png\",\"contentUrl\":\"https:\\\/\\\/next-tech.com\\\/wp-content\\\/uploads\\\/2025\\\/03\\\/250109_Logos_Next-2.png\",\"width\":3140,\"height\":1222,\"caption\":\"Next | Powered by Aceve\"},\"image\":{\"@id\":\"https:\\\/\\\/next-tech.com\\\/no\\\/#\\\/schema\\\/logo\\\/image\\\/\"},\"sameAs\":[\"https:\\\/\\\/www.facebook.com\\\/Nextonetechnology\",\"https:\\\/\\\/www.linkedin.com\\\/company\\\/nextonetechnology\\\/\"]}]}<\/script>\n<!-- \/ Yoast SEO Premium plugin. -->","yoast_head_json":{"title":"Tack fr\u00e5n Next-Tech","description":"Tack f\u00f6r ditt intresse f\u00f6r Next-Tech. Vi kommer att h\u00f6ra av oss snart med mer information.","robots":{"index":"noindex","follow":"nofollow"},"og_locale":"nb_NO","og_type":"article","og_title":"Takk skal du ha (Planning Page)","og_description":"Tack f\u00f6r ditt intresse f\u00f6r Next-Tech. Vi kommer att h\u00f6ra av oss snart med mer information.","og_url":"https:\/\/next-tech.com\/no\/planleggingsside-takk\/","og_site_name":"NEXT","article_publisher":"https:\/\/www.facebook.com\/Nextonetechnology","article_modified_time":"2025-04-28T15:13:09+00:00","twitter_card":"summary_large_image","twitter_misc":{"Ansl. lesetid":"1 minutt"},"schema":{"@context":"https:\/\/schema.org","@graph":[{"@type":"WebPage","@id":"https:\/\/next-tech.com\/no\/planleggingsside-takk\/","url":"https:\/\/next-tech.com\/no\/planleggingsside-takk\/","name":"Tack fr\u00e5n Next-Tech","isPartOf":{"@id":"https:\/\/next-tech.com\/no\/#website"},"datePublished":"2024-05-30T10:46:13+00:00","dateModified":"2025-04-28T15:13:09+00:00","description":"Tack f\u00f6r ditt intresse f\u00f6r Next-Tech. Vi kommer att h\u00f6ra av oss snart med mer information.","breadcrumb":{"@id":"https:\/\/next-tech.com\/no\/planleggingsside-takk\/#breadcrumb"},"inLanguage":"nb-NO","potentialAction":[{"@type":"ReadAction","target":["https:\/\/next-tech.com\/no\/planleggingsside-takk\/"]}]},{"@type":"BreadcrumbList","@id":"https:\/\/next-tech.com\/no\/planleggingsside-takk\/#breadcrumb","itemListElement":[{"@type":"ListItem","position":1,"name":"Home","item":"https:\/\/next-tech.com\/no\/next-byggeprosjektledelse-sanntidskontroll\/"},{"@type":"ListItem","position":2,"name":"Takk skal du ha (Planning Page)"}]},{"@type":"WebSite","@id":"https:\/\/next-tech.com\/no\/#website","url":"https:\/\/next-tech.com\/no\/","name":"Next | Powered by Aceve","description":"Tidrapport, Arbetsorder och Projekt i Bygg och Entreprenadbranschen. - Next One Technology AB","publisher":{"@id":"https:\/\/next-tech.com\/no\/#organization"},"potentialAction":[{"@type":"SearchAction","target":{"@type":"EntryPoint","urlTemplate":"https:\/\/next-tech.com\/no\/?s={search_term_string}"},"query-input":{"@type":"PropertyValueSpecification","valueRequired":true,"valueName":"search_term_string"}}],"inLanguage":"nb-NO"},{"@type":"Organization","@id":"https:\/\/next-tech.com\/no\/#organization","name":"Next | Powered by Aceve","url":"https:\/\/next-tech.com\/no\/","logo":{"@type":"ImageObject","inLanguage":"nb-NO","@id":"https:\/\/next-tech.com\/no\/#\/schema\/logo\/image\/","url":"https:\/\/next-tech.com\/wp-content\/uploads\/2025\/03\/250109_Logos_Next-2.png","contentUrl":"https:\/\/next-tech.com\/wp-content\/uploads\/2025\/03\/250109_Logos_Next-2.png","width":3140,"height":1222,"caption":"Next | Powered by Aceve"},"image":{"@id":"https:\/\/next-tech.com\/no\/#\/schema\/logo\/image\/"},"sameAs":["https:\/\/www.facebook.com\/Nextonetechnology","https:\/\/www.linkedin.com\/company\/nextonetechnology\/"]}]}},"_links":{"self":[{"href":"https:\/\/next-tech.com\/no\/wp-json\/wp\/v2\/pages\/27610","targetHints":{"allow":["GET"]}}],"collection":[{"href":"https:\/\/next-tech.com\/no\/wp-json\/wp\/v2\/pages"}],"about":[{"href":"https:\/\/next-tech.com\/no\/wp-json\/wp\/v2\/types\/page"}],"author":[{"embeddable":true,"href":"https:\/\/next-tech.com\/no\/wp-json\/wp\/v2\/users\/23"}],"replies":[{"embeddable":true,"href":"https:\/\/next-tech.com\/no\/wp-json\/wp\/v2\/comments?post=27610"}],"version-history":[{"count":2,"href":"https:\/\/next-tech.com\/no\/wp-json\/wp\/v2\/pages\/27610\/revisions"}],"predecessor-version":[{"id":40911,"href":"https:\/\/next-tech.com\/no\/wp-json\/wp\/v2\/pages\/27610\/revisions\/40911"}],"wp:attachment":[{"href":"https:\/\/next-tech.com\/no\/wp-json\/wp\/v2\/media?parent=27610"}],"curies":[{"name":"wp","href":"https:\/\/api.w.org\/{rel}","templated":true}]}}