{"id":21385,"date":"2024-03-01T10:30:50","date_gmt":"2024-03-01T09:30:50","guid":{"rendered":"https:\/\/next-tech.com\/?page_id=21385"},"modified":"2024-03-01T10:30:50","modified_gmt":"2024-03-01T09:30:50","slug":"temp-for-admin","status":"publish","type":"page","link":"https:\/\/next-tech.com\/en\/temp-for-admin\/","title":{"rendered":"Temp for admin"},"content":{"rendered":"","protected":false},"excerpt":{"rendered":"","protected":false},"author":15,"featured_media":0,"parent":0,"menu_order":0,"comment_status":"closed","ping_status":"closed","template":"","meta":{"_acf_changed":false,"footnotes":""},"class_list":["post-21385","page","type-page","status-publish","hentry"],"acf":[],"yoast_head":"<!-- This site is optimized with the Yoast SEO Premium plugin v27.3 (Yoast SEO v27.3) - https:\/\/yoast.com\/product\/yoast-seo-premium-wordpress\/ -->\n<title>Temp for admin | NEXT<\/title>\n<meta name=\"description\" content=\"NEXT erbjuder allt du beh\u00f6ver f\u00f6r den dagliga administrationen i ett litet eller medelstort bygg-, service- eller entreprenadf\u00f6retag.\" \/>\n<meta name=\"robots\" content=\"noindex, nofollow\" \/>\n<meta property=\"og:locale\" content=\"en_US\" \/>\n<meta property=\"og:type\" content=\"article\" \/>\n<meta property=\"og:title\" content=\"Temp for admin\" \/>\n<meta property=\"og:description\" content=\"NEXT erbjuder allt du beh\u00f6ver f\u00f6r den dagliga administrationen i ett litet eller medelstort bygg-, service- eller entreprenadf\u00f6retag.\" \/>\n<meta property=\"og:url\" content=\"https:\/\/next-tech.com\/en\/temp-for-admin\/\" \/>\n<meta property=\"og:site_name\" content=\"NEXT\" \/>\n<meta property=\"article:publisher\" content=\"https:\/\/www.facebook.com\/Nextonetechnology\" \/>\n<meta name=\"twitter:card\" content=\"summary_large_image\" \/>\n<script type=\"application\/ld+json\" class=\"yoast-schema-graph\">{\"@context\":\"https:\\\/\\\/schema.org\",\"@graph\":[{\"@type\":\"WebPage\",\"@id\":\"https:\\\/\\\/next-tech.com\\\/en\\\/temp-for-admin\\\/\",\"url\":\"https:\\\/\\\/next-tech.com\\\/en\\\/temp-for-admin\\\/\",\"name\":\"Temp for admin | NEXT\",\"isPartOf\":{\"@id\":\"https:\\\/\\\/next-tech.com\\\/en\\\/#website\"},\"datePublished\":\"2024-03-01T09:30:50+00:00\",\"description\":\"NEXT erbjuder allt du beh\u00f6ver f\u00f6r den dagliga administrationen i ett litet eller medelstort bygg-, service- eller entreprenadf\u00f6retag.\",\"breadcrumb\":{\"@id\":\"https:\\\/\\\/next-tech.com\\\/en\\\/temp-for-admin\\\/#breadcrumb\"},\"inLanguage\":\"en-US\",\"potentialAction\":[{\"@type\":\"ReadAction\",\"target\":[\"https:\\\/\\\/next-tech.com\\\/en\\\/temp-for-admin\\\/\"]}]},{\"@type\":\"BreadcrumbList\",\"@id\":\"https:\\\/\\\/next-tech.com\\\/en\\\/temp-for-admin\\\/#breadcrumb\",\"itemListElement\":[{\"@type\":\"ListItem\",\"position\":1,\"name\":\"Home\",\"item\":\"https:\\\/\\\/next-tech.com\\\/en\\\/next-construction-project-management-real-time\\\/\"},{\"@type\":\"ListItem\",\"position\":2,\"name\":\"Temp for admin\"}]},{\"@type\":\"WebSite\",\"@id\":\"https:\\\/\\\/next-tech.com\\\/en\\\/#website\",\"url\":\"https:\\\/\\\/next-tech.com\\\/en\\\/\",\"name\":\"Next | Powered by Aceve\",\"description\":\"Tidrapport, Arbetsorder och Projekt i Bygg och Entreprenadbranschen. - Next One Technology AB\",\"publisher\":{\"@id\":\"https:\\\/\\\/next-tech.com\\\/en\\\/#organization\"},\"potentialAction\":[{\"@type\":\"SearchAction\",\"target\":{\"@type\":\"EntryPoint\",\"urlTemplate\":\"https:\\\/\\\/next-tech.com\\\/en\\\/?s={search_term_string}\"},\"query-input\":{\"@type\":\"PropertyValueSpecification\",\"valueRequired\":true,\"valueName\":\"search_term_string\"}}],\"inLanguage\":\"en-US\"},{\"@type\":\"Organization\",\"@id\":\"https:\\\/\\\/next-tech.com\\\/en\\\/#organization\",\"name\":\"Next | Powered by Aceve\",\"url\":\"https:\\\/\\\/next-tech.com\\\/en\\\/\",\"logo\":{\"@type\":\"ImageObject\",\"inLanguage\":\"en-US\",\"@id\":\"https:\\\/\\\/next-tech.com\\\/en\\\/#\\\/schema\\\/logo\\\/image\\\/\",\"url\":\"https:\\\/\\\/next-tech.com\\\/wp-content\\\/uploads\\\/2025\\\/03\\\/250109_Logos_Next-2.png\",\"contentUrl\":\"https:\\\/\\\/next-tech.com\\\/wp-content\\\/uploads\\\/2025\\\/03\\\/250109_Logos_Next-2.png\",\"width\":3140,\"height\":1222,\"caption\":\"Next | Powered by Aceve\"},\"image\":{\"@id\":\"https:\\\/\\\/next-tech.com\\\/en\\\/#\\\/schema\\\/logo\\\/image\\\/\"},\"sameAs\":[\"https:\\\/\\\/www.facebook.com\\\/Nextonetechnology\",\"https:\\\/\\\/www.linkedin.com\\\/company\\\/nextonetechnology\\\/\"]}]}<\/script>\n<!-- \/ Yoast SEO Premium plugin. -->","yoast_head_json":{"title":"Temp for admin | NEXT","description":"NEXT erbjuder allt du beh\u00f6ver f\u00f6r den dagliga administrationen i ett litet eller medelstort bygg-, service- eller entreprenadf\u00f6retag.","robots":{"index":"noindex","follow":"nofollow"},"og_locale":"en_US","og_type":"article","og_title":"Temp for admin","og_description":"NEXT erbjuder allt du beh\u00f6ver f\u00f6r den dagliga administrationen i ett litet eller medelstort bygg-, service- eller entreprenadf\u00f6retag.","og_url":"https:\/\/next-tech.com\/en\/temp-for-admin\/","og_site_name":"NEXT","article_publisher":"https:\/\/www.facebook.com\/Nextonetechnology","twitter_card":"summary_large_image","schema":{"@context":"https:\/\/schema.org","@graph":[{"@type":"WebPage","@id":"https:\/\/next-tech.com\/en\/temp-for-admin\/","url":"https:\/\/next-tech.com\/en\/temp-for-admin\/","name":"Temp for admin | NEXT","isPartOf":{"@id":"https:\/\/next-tech.com\/en\/#website"},"datePublished":"2024-03-01T09:30:50+00:00","description":"NEXT erbjuder allt du beh\u00f6ver f\u00f6r den dagliga administrationen i ett litet eller medelstort bygg-, service- eller entreprenadf\u00f6retag.","breadcrumb":{"@id":"https:\/\/next-tech.com\/en\/temp-for-admin\/#breadcrumb"},"inLanguage":"en-US","potentialAction":[{"@type":"ReadAction","target":["https:\/\/next-tech.com\/en\/temp-for-admin\/"]}]},{"@type":"BreadcrumbList","@id":"https:\/\/next-tech.com\/en\/temp-for-admin\/#breadcrumb","itemListElement":[{"@type":"ListItem","position":1,"name":"Home","item":"https:\/\/next-tech.com\/en\/next-construction-project-management-real-time\/"},{"@type":"ListItem","position":2,"name":"Temp for admin"}]},{"@type":"WebSite","@id":"https:\/\/next-tech.com\/en\/#website","url":"https:\/\/next-tech.com\/en\/","name":"Next | Powered by Aceve","description":"Tidrapport, Arbetsorder och Projekt i Bygg och Entreprenadbranschen. - Next One Technology AB","publisher":{"@id":"https:\/\/next-tech.com\/en\/#organization"},"potentialAction":[{"@type":"SearchAction","target":{"@type":"EntryPoint","urlTemplate":"https:\/\/next-tech.com\/en\/?s={search_term_string}"},"query-input":{"@type":"PropertyValueSpecification","valueRequired":true,"valueName":"search_term_string"}}],"inLanguage":"en-US"},{"@type":"Organization","@id":"https:\/\/next-tech.com\/en\/#organization","name":"Next | Powered by Aceve","url":"https:\/\/next-tech.com\/en\/","logo":{"@type":"ImageObject","inLanguage":"en-US","@id":"https:\/\/next-tech.com\/en\/#\/schema\/logo\/image\/","url":"https:\/\/next-tech.com\/wp-content\/uploads\/2025\/03\/250109_Logos_Next-2.png","contentUrl":"https:\/\/next-tech.com\/wp-content\/uploads\/2025\/03\/250109_Logos_Next-2.png","width":3140,"height":1222,"caption":"Next | Powered by Aceve"},"image":{"@id":"https:\/\/next-tech.com\/en\/#\/schema\/logo\/image\/"},"sameAs":["https:\/\/www.facebook.com\/Nextonetechnology","https:\/\/www.linkedin.com\/company\/nextonetechnology\/"]}]}},"_links":{"self":[{"href":"https:\/\/next-tech.com\/en\/wp-json\/wp\/v2\/pages\/21385","targetHints":{"allow":["GET"]}}],"collection":[{"href":"https:\/\/next-tech.com\/en\/wp-json\/wp\/v2\/pages"}],"about":[{"href":"https:\/\/next-tech.com\/en\/wp-json\/wp\/v2\/types\/page"}],"author":[{"embeddable":true,"href":"https:\/\/next-tech.com\/en\/wp-json\/wp\/v2\/users\/15"}],"replies":[{"embeddable":true,"href":"https:\/\/next-tech.com\/en\/wp-json\/wp\/v2\/comments?post=21385"}],"version-history":[{"count":0,"href":"https:\/\/next-tech.com\/en\/wp-json\/wp\/v2\/pages\/21385\/revisions"}],"wp:attachment":[{"href":"https:\/\/next-tech.com\/en\/wp-json\/wp\/v2\/media?parent=21385"}],"curies":[{"name":"wp","href":"https:\/\/api.w.org\/{rel}","templated":true}]}}